{"id":12,"date":"2025-07-29T11:23:20","date_gmt":"2025-07-29T09:23:20","guid":{"rendered":"https:\/\/siltrip.com\/?page_id=12"},"modified":"2025-08-20T10:26:57","modified_gmt":"2025-08-20T08:26:57","slug":"reembolso-devoluciones","status":"publish","type":"page","link":"https:\/\/siltrip.com\/?page_id=12","title":{"rendered":"T\u00e9rminos y Condiciones"},"content":{"rendered":"<div class=\"wpb-content-wrapper\"><p>[vc_row][vc_column][vc_column_text css=\u00bb\u00bb]<\/p>\n<ul>\n<li>Siltrip no se hace responsable de la p\u00e9rdida, rotura o robo de sus efectos personales durante el desarrollo de la actividad.<\/li>\n<li>Siltrip puede anular el viaje por circunstancias meteorol\u00f3gicas o que conlleven a un riesgo para la navegaci\u00f3n, en cuyo caso el cliente tendr\u00e1 la opci\u00f3n de hacer el viaje a otra hora o d\u00eda, o solicitar el reembolso de su reserva.<\/li>\n<\/ul>\n<p><strong>Pol\u00edtica de cancelaci\u00f3n:<\/strong><\/p>\n<ul>\n<li>Se devolver\u00e1 el total de la reserva en cancelaciones hechas con un m\u00ednimo de 72 horas de antelaci\u00f3n a la fecha y hora de reserva.<\/li>\n<li>Las cancelaciones realizadas en un plazo menor a 72\u00a0 horas no tienen devoluci\u00f3n.<\/li>\n<li>No se admiten cambios en la reserva con menos de 72 horas.<\/li>\n<\/ul>\n<p>[\/vc_column_text][\/vc_column][\/vc_row]<\/p>\n<!-- \/wp:post-content --><\/div>","protected":false},"excerpt":{"rendered":"<p>[vc_row][vc_column][vc_column_text css=\u00bb\u00bb] Siltrip no se hace responsable de la p\u00e9rdida, rotura o robo de sus efectos personales durante el desarrollo de la actividad. Siltrip puede anular el viaje por circunstancias meteorol\u00f3gicas o que conlleven a un riesgo para la navegaci\u00f3n, en cuyo caso el cliente tendr\u00e1 la opci\u00f3n de hacer el viaje a otra hora<\/p>\n<div class=\"padding-top text-center\"><a href=\"https:\/\/siltrip.com\/?page_id=12\" class=\"atbtn atbtn--medium atbtn--rounded atbtn--transparent\">Leer<i class=\"atbtn__icon atbtn__icon--right fa fa-long-arrow-right\"><\/i><\/a><\/div>\n","protected":false},"author":1,"featured_media":0,"parent":0,"menu_order":0,"comment_status":"closed","ping_status":"closed","template":"","meta":{"footnotes":""},"class_list":["post-12","page","type-page","status-publish","hentry"],"_links":{"self":[{"href":"https:\/\/siltrip.com\/index.php?rest_route=\/wp\/v2\/pages\/12","targetHints":{"allow":["GET"]}}],"collection":[{"href":"https:\/\/siltrip.com\/index.php?rest_route=\/wp\/v2\/pages"}],"about":[{"href":"https:\/\/siltrip.com\/index.php?rest_route=\/wp\/v2\/types\/page"}],"author":[{"embeddable":true,"href":"https:\/\/siltrip.com\/index.php?rest_route=\/wp\/v2\/users\/1"}],"replies":[{"embeddable":true,"href":"https:\/\/siltrip.com\/index.php?rest_route=%2Fwp%2Fv2%2Fcomments&post=12"}],"version-history":[{"count":3,"href":"https:\/\/siltrip.com\/index.php?rest_route=\/wp\/v2\/pages\/12\/revisions"}],"predecessor-version":[{"id":2129,"href":"https:\/\/siltrip.com\/index.php?rest_route=\/wp\/v2\/pages\/12\/revisions\/2129"}],"wp:attachment":[{"href":"https:\/\/siltrip.com\/index.php?rest_route=%2Fwp%2Fv2%2Fmedia&parent=12"}],"curies":[{"name":"wp","href":"https:\/\/api.w.org\/{rel}","templated":true}]}}