{"id":3,"date":"2025-07-25T13:32:19","date_gmt":"2025-07-25T13:32:19","guid":{"rendered":"https:\/\/siltrip.com\/?page_id=3"},"modified":"2025-07-29T11:19:55","modified_gmt":"2025-07-29T09:19:55","slug":"privacy-policy","status":"publish","type":"page","link":"https:\/\/siltrip.com\/?page_id=3","title":{"rendered":"Pol\u00edtica de Privacidad"},"content":{"rendered":"<div class=\"wpb-content-wrapper\"><p>[vc_row][vc_column][vc_column_text css=\u00bb\u00bb]<\/p>\n<h3 class=\"wp-block-heading\">I.A.- RESPONSABLE (DEL TRATAMIENTO)<\/h3>\n<p>Datos de contacto del responsable:<br \/>\nDenominaci\u00f3n social: Siltrip (en adelante, la Empresa)<br \/>\nRaz\u00f3n social: Alejandro Vieitez Garc\u00eda<br \/>\nNIF: 44807651V<br \/>\nDomicilio social: Rosende 87 bis<\/p>\n<p>Correo electr\u00f3nico de contacto:\u00a0<a href=\"https:\/\/web.archive.org\/web\/20230922224848\/mailto:info@siltrip.com\">info@siltrip.com<\/a><\/p>\n<h3>I.B.- DERECHOS DE PROTECCI\u00d3N DE DATOS<\/h3>\n<p>C\u00f3mo ejercitar los derechos: Los usuarios pueden dirigir una comunicaci\u00f3n por escrito al domicilio social de la Empresa o a la direcci\u00f3n de correo electr\u00f3nico indicada en el encabezamiento de este aviso legal, incluyendo en ambos casos fotocopia de su DNI u otro documento de identificaci\u00f3n similar, para solicitar el ejercicio de los derechos siguientes:<\/p>\n<p>Derecho a solicitar el acceso a los datos personales: usted podr\u00e1 preguntar a nuestra Empresa si estamos tratando sus datos.<\/p>\n<p>Derecho a solicitar su rectificaci\u00f3n (en caso de que sean incorrectos) o supresi\u00f3n.<\/p>\n<p>Derecho a solicitar la limitaci\u00f3n de su tratamiento, en cuyo caso \u00fanicamente ser\u00e1n conservados por la Empresa para el ejercicio o la defensa de reclamaciones.<\/p>\n<p>Derecho a oponerse al tratamiento: la Empresa dejar\u00e1 de tratar los datos en la forma que usted indique, salvo que por motivos leg\u00edtimos imperiosos o el ejercicio o la defensa de posibles reclamaciones se tengan que seguir tratando.<\/p>\n<p>Derecho a la portabilidad de los datos: en caso de que quiera que sus datos sean tratados por otra firma, la Empresa le facilitar\u00e1 la portabilidad de sus datos al nuevo responsable.<\/p>\n<p>Modelos, formularios y m\u00e1s informaci\u00f3n sobre los derechos referidos: P\u00e1gina oficial de la Agencia Espa\u00f1ola de Protecci\u00f3n de Datos<\/p>\n<p>Posibilidad de retirar el consentimiento: en el caso de que se haya otorgado el consentimiento para alguna finalidad espec\u00edfica, usted tiene derecho a retirar el consentimiento en cualquier momento, sin que ello afecte a la licitud del tratamiento basado en el consentimiento previo a su retirada.<\/p>\n<p>C\u00f3mo reclamar ante la Autoridad de Control: Si un usuario considera que hay un problema con la forma en que la Empresa est\u00e1 manejando sus datos, puede dirigir sus reclamaciones al Responsable de Seguridad de la Empresa o a la autoridad de protecci\u00f3n de datos que corresponda, siendo la Agencia Espa\u00f1ola de Protecci\u00f3n de Datos la indicada en el caso de Espa\u00f1a.<\/p>\n<h3>I.C.- CONSERVACI\u00d3N DE LOS DATOS<\/h3>\n<p>Datos desagregados: Los datos desagregados ser\u00e1n conservados sin plazo de supresi\u00f3n.<\/p>\n<p>Datos de los Clientes: El periodo de conservaci\u00f3n de los datos personales variar\u00e1 en funci\u00f3n del servicio que el Cliente contrate. En cualquier caso, ser\u00e1 el m\u00ednimo necesario, pudiendo mantenerse hasta:<\/p>\n<p>4 a\u00f1os: Ley sobre Infracciones y Sanciones en el Orden Social (obligaciones en materia de afiliaci\u00f3n, altas, bajas, cotizaci\u00f3n, pago de salarios\u2026); Arts. 66 y sig. Ley General Tributaria (libros de contabilidad\u2026);<\/p>\n<p>5 a\u00f1os: Art. 1964 C\u00f3digo Civil (acciones personales sin plazo especial)<\/p>\n<p>6 a\u00f1os: Art. 30 C\u00f3digo de Comercio (libros de contabilidad, facturas\u2026)<\/p>\n<p>10 a\u00f1os: Art. 25 Ley de Prevenci\u00f3n del Blanqueo de Capitales y Financiaci\u00f3n del Terrorismo.<\/p>\n<p>Datos de los suscriptores al feed por e-mail: Desde que el usuario se suscribe hasta que se da de baja.<\/p>\n<p>Datos de usuarios subidos por la Empresa a p\u00e1ginas y perfiles en redes sociales: Desde que el usuario ofrece su consentimiento hasta que lo retira.<\/p>\n<p>Datos de los postulantes a pr\u00e1cticas o a puestos de empleo: En caso de que el candidato no sea seleccionado, la Empresa podr\u00e1 mantener almacenado su curr\u00edculo un m\u00e1ximo de dos a\u00f1os para incorporarlo a futuras convocatorias, a menos que el candidato se manifieste en contrario.<\/p>\n<h3>I.D.- PROCEDENCIA, FINALIDADES Y LEGITIMIDAD<\/h3>\n<h4>I.D.1.- E-MAIL, FORMULARIOS DE CONTACTO Y MEDIOS DE COMUNICACI\u00d3N TRADICIONALES<\/h4>\n<p>Web y hosting: El Sitio Web de la Empresa cuenta con un cifrado SSL que permite usuario el env\u00edo seguro de sus datos personales a trav\u00e9s de formularios de contacto de tipo est\u00e1ndar, alojados en una empresa de hosting de reconocido prestigio.<\/p>\n<p>Datos recabados a trav\u00e9s de la web: Los datos personales recogidos ser\u00e1n objeto de tratamiento automatizado e incorporados a los correspondientes ficheros de los que la Empresa es titular.<\/p>\n<p>Asimismo, podr\u00e1 facilitar sus datos a trav\u00e9s correo electr\u00f3nico y otros medios de comunicaci\u00f3n.<\/p>\n<p>Mensajer\u00eda instant\u00e1nea: la Empresa no presta servicio a trav\u00e9s de mensajer\u00eda instant\u00e1nea como, por ejemplo, WhatsApp, Facebook, Telegram, Messenger, KakaoTalk o Line.<\/p>\n<p>Otros servicios: Ciertos servicios prestados a trav\u00e9s del Sitio Web (por ejemplo, la posibilidad de participar en un concurso o sorteo) pueden contener condiciones particulares con previsiones espec\u00edficas en materia de protecci\u00f3n de datos personales. Se hace indispensable su lectura y aceptaci\u00f3n con car\u00e1cter previo a la solicitud del servicio de que se trate.<\/p>\n<p>Finalidad y legitimaci\u00f3n: La finalidad del tratamiento de estos datos ser\u00e1 \u00fanicamente la de prestarle la informaci\u00f3n o servicios que nos solicite.<\/p>\n<h4>I.D.2.-REDES SOCIALES<\/h4>\n<p>Presencia en redes: la Empresa cuenta con perfil en algunas de las principales redes sociales de Internet, reconoci\u00e9ndose responsable del tratamiento en relaci\u00f3n con los datos publicados por la Empresa (por ejemplo, fotos subidas por la Empresa en las que aparecen caras de personas) o de los datos que los usuarios env\u00eden de forma privada a la Empresa con el fin de que sean extra\u00eddos (por ejemplo, comunicaciones iniciales para que la Empresa asesore en un caso).<\/p>\n<p>Finalidad y legitimaci\u00f3n: El tratamiento que la Empresa llevar\u00e1 a cabo con los datos dentro de cada una de las referidas redes ser\u00e1, como m\u00e1ximo, el que la red social permita a los perfiles corporativos. As\u00ed pues, la Empresa podr\u00e1 informar, cuando la ley no lo proh\u00edba, a sus seguidores por cualquier v\u00eda que la red social permita sobre sus actividades, ponencias, ofertas, as\u00ed como prestar servicio personalizado de atenci\u00f3n al cliente.<\/p>\n<p>Extracci\u00f3n de datos: En ning\u00fan caso la Empresa extraer\u00e1 datos de las redes sociales, a menos que se obtuviera puntual y expresamente el consentimiento del usuario para ello.<\/p>\n<p>Derechos: Cuando, debido a la propia naturaleza de las redes sociales, el ejercicio efectivo de los derechos de protecci\u00f3n de datos del seguidor quede supeditado a la modificaci\u00f3n del perfil personal de \u00e9ste, la Empresa le ayudar\u00e1 y aconsejar\u00e1 a tal fin en la medida de sus posibilidades.<\/p>\n<h3>DERECHOS DE AUTOR Y CONTENIDOS WEB<\/h3>\n<p>Los contenidos literarios del Sitio Web se encuentran registrados y se ofrecen bajo la licencia que se indique en el pie de la p\u00e1gina. Se except\u00faan de esta licencia todos los contenidos no literarios, aquellos sobre los que se indique otra licencia aplicable, los signos distintivos (marcas, nombres comerciales, etc.) y la plantilla de esta web, cuyos derechos pertenecen a su autor o autores.<\/p>\n<p>El Sitio Web contiene textos elaborados con fines meramente informativos o divulgativos que se refieren a situaciones generales por lo que su contenido no puede ser aplicado nunca por el usuario a casos concretos. Las opiniones vertidas en los mismos no reflejan necesariamente los puntos de vista de al Empresa. El contenido de los art\u00edculos publicados en este Sitio Web no puede ser considerado, en ning\u00fan caso, sustitutivo de asesoramiento profesional. El usuario no debe actuar sobre la base de la informaci\u00f3n contenida en este Sitio Web sin recurrir previamente al correspondiente asesoramiento profesional.<\/p>\n<p>Los enlaces externos que contiene este Sitio Web conducen a sitios gestionados por terceros. La Empresa no responde de los contenidos ni del estado de dichos sitios. El uso de enlaces externos tampoco implica que la Empresa recomiende o apruebe los contenidos de las p\u00e1ginas de destino.<\/p>\n<h3>RESOLUCI\u00d3N DE CONFLICTOS<\/h3>\n<p>Las presentes Condiciones de Uso del Sitio Web se rigen en todos y cada uno de sus extremos por la ley espa\u00f1ola. El idioma de redacci\u00f3n e interpretaci\u00f3n de este aviso legal es el espa\u00f1ol. Este aviso legal no se archivar\u00e1 individualmente para cada usuario sino que permanecer\u00e1 accesible por medio de Internet en este mismo Sitio Web.<\/p>\n<p>Siempre que no haya una norma que obligue a otra cosa, los usuarios de esta web acuerdan, en caso de conflicto, someterse a los Juzgados y Tribunales de Madrid capital, por ser este el lugar de celebraci\u00f3n del contrato, con renuncia expresa a cualquier otra jurisdicci\u00f3n que pudiera corresponderles.<\/p>\n<hr \/>\n<p>Cuando precisemos obtener informaci\u00f3n por su parte, siempre le solicitaremos que nos la proporcione voluntariamente de forma expresa. Los datos recabados a trav\u00e9s de los formularios de recogida de datos del sitio web u otras v\u00edas, ser\u00e1n incorporados a un fichero de datos de car\u00e1cter personal debidamente inscrito en el Registro General de Protecci\u00f3n de Datos de la Agencia Espa\u00f1ola de Protecci\u00f3n de Datos, del cual es responsable Alejandro Vieitez Garc\u00eda (en adelante: Siltrip). Esta entidad tratar\u00e1 los datos de forma confidencial y exclusivamente con la finalidad de ofrecer los servicios solicitados, con todas las garant\u00edas legales y de seguridad que impone la Ley Org\u00e1nica 15\/1999, de 13 de diciembre, de Protecci\u00f3n de Datos de Car\u00e1cter Personal, el Real Decreto 1720\/2007, de 21 de diciembre y la Ley 34\/2002, de 11 de julio, de Servicios de la Sociedad de la Informaci\u00f3n y de Comercio Electr\u00f3nico.<\/p>\n<p>Siltrip no ceder\u00e1 ni compartir\u00e1 los datos con terceros sin su consentimiento expreso.<\/p>\n<p>Asimismo, Siltrip, cancelar\u00e1 o rectificar\u00e1 los datos cuando resulten inexactos, incompletos o hayan dejado de ser necesarios o pertinentes para su finalidad, de conformidad con lo previsto en la Ley Org\u00e1nica 15\/1999, de 13 de diciembre, de Protecci\u00f3n de Datos de Car\u00e1cter Personal.<\/p>\n<p>El usuario podr\u00e1 revocar el consentimiento prestado y ejercer los derechos de acceso, rectificaci\u00f3n, cancelaci\u00f3n y oposici\u00f3n dirigi\u00e9ndose a tal efecto al domicilio siguiente: Alejandro Vieitez Garc\u00eda, sito en 27466 Rosende de San Miguel \u2013 LUGO (ESPA\u00d1A), o en la direcci\u00f3n de correo electr\u00f3nico\u00a0<a href=\"https:\/\/web.archive.org\/web\/20230922224848\/mailto:info@siltrip.com\">info@siltrip.com<\/a>, identific\u00e1ndose debidamente e indicando de forma expresa el concreto derecho que se quiere ejercer.<\/p>\n<p>Siltrip adopta los niveles de seguridad correspondientes requeridos por la citada Ley Org\u00e1nica 15\/1999 y dem\u00e1s normativa aplicable. No obstante, no puede garantizar la absoluta invulnerabilidad de los sistemas, por tanto, no asume ninguna responsabilidad por los da\u00f1os y perjuicios derivados de alteraciones que terceros puedan causar en los sistemas inform\u00e1ticos, documentos electr\u00f3nicos o ficheros del usuario.<\/p>\n<p>Si opta por abandonar nuestro sitio web a trav\u00e9s de enlaces a sitios web no pertenecientes a nuestra entidad, Siltrip no se har\u00e1 responsable de las pol\u00edticas de privacidad de dichos sitios web ni de las cookies que \u00e9stos puedan almacenar en el ordenador del usuario.<\/p>\n<p>Nuestra pol\u00edtica con respecto al correo electr\u00f3nico se centra en remitir \u00fanicamente comunicaciones que usted haya solicitado recibir.<\/p>\n<p>Si prefiere no recibir estos mensajes por correo electr\u00f3nico le ofreceremos a trav\u00e9s de los mismos la posibilidad de ejercer su derecho de cancelaci\u00f3n y renuncia a la recepci\u00f3n de estos mensajes, en conformidad con lo dispuesto en el T\u00edtulo III, art\u00edculo 22 de la Ley 34\/2002, de Servicios para la Sociedad de la Informaci\u00f3n y de Comercio Electr\u00f3nico.[\/vc_column_text][\/vc_column][\/vc_row]<\/p>\n<\/div>","protected":false},"excerpt":{"rendered":"<p>[vc_row][vc_column][vc_column_text css=\u00bb\u00bb] I.A.- RESPONSABLE (DEL TRATAMIENTO) Datos de contacto del responsable: Denominaci\u00f3n social: Siltrip (en adelante, la Empresa) Raz\u00f3n social: Alejandro Vieitez Garc\u00eda NIF: 44807651V Domicilio social: Rosende 87 bis Correo electr\u00f3nico de contacto:\u00a0info@siltrip.com I.B.- DERECHOS DE PROTECCI\u00d3N DE DATOS C\u00f3mo ejercitar los derechos: Los usuarios pueden dirigir una comunicaci\u00f3n por escrito al domicilio social<\/p>\n<div class=\"padding-top text-center\"><a href=\"https:\/\/siltrip.com\/?page_id=3\" class=\"atbtn atbtn--medium atbtn--rounded atbtn--transparent\">Leer<i class=\"atbtn__icon atbtn__icon--right fa fa-long-arrow-right\"><\/i><\/a><\/div>\n","protected":false},"author":1,"featured_media":0,"parent":0,"menu_order":0,"comment_status":"closed","ping_status":"open","template":"","meta":{"footnotes":""},"class_list":["post-3","page","type-page","status-publish","hentry"],"_links":{"self":[{"href":"https:\/\/siltrip.com\/index.php?rest_route=\/wp\/v2\/pages\/3","targetHints":{"allow":["GET"]}}],"collection":[{"href":"https:\/\/siltrip.com\/index.php?rest_route=\/wp\/v2\/pages"}],"about":[{"href":"https:\/\/siltrip.com\/index.php?rest_route=\/wp\/v2\/types\/page"}],"author":[{"embeddable":true,"href":"https:\/\/siltrip.com\/index.php?rest_route=\/wp\/v2\/users\/1"}],"replies":[{"embeddable":true,"href":"https:\/\/siltrip.com\/index.php?rest_route=%2Fwp%2Fv2%2Fcomments&post=3"}],"version-history":[{"count":2,"href":"https:\/\/siltrip.com\/index.php?rest_route=\/wp\/v2\/pages\/3\/revisions"}],"predecessor-version":[{"id":1371,"href":"https:\/\/siltrip.com\/index.php?rest_route=\/wp\/v2\/pages\/3\/revisions\/1371"}],"wp:attachment":[{"href":"https:\/\/siltrip.com\/index.php?rest_route=%2Fwp%2Fv2%2Fmedia&parent=3"}],"curies":[{"name":"wp","href":"https:\/\/api.w.org\/{rel}","templated":true}]}}