{"id":1344,"date":"2025-07-29T09:48:51","date_gmt":"2025-07-29T07:48:51","guid":{"rendered":"https:\/\/siltrip.com\/?post_type=product&#038;p=1344"},"modified":"2026-04-14T16:15:24","modified_gmt":"2026-04-14T14:15:24","slug":"alquiler-de-kayak","status":"publish","type":"product","link":"https:\/\/siltrip.com\/?product=alquiler-de-kayak","title":{"rendered":"Alquiler de Kayaks en el Ca\u00f1\u00f3n del Sil &#8211; Ribeira Sacra"},"content":{"rendered":"<p data-start=\"298\" data-end=\"556\">\u00bfQuieres vivir una experiencia divertida y refrescante en el <strong data-start=\"359\" data-end=\"370\">r\u00edo Sil<\/strong>? En <strong data-start=\"375\" data-end=\"386\">Siltrip<\/strong> ofrecemos <strong data-start=\"397\" data-end=\"436\">alquiler de kayaks dobles (biplaza)<\/strong> en la Ribeira Sacra, perfectos para parejas, amigos o familias que quieran descubrir el ca\u00f1\u00f3n de una forma diferente.<\/p>\n<p data-start=\"558\" data-end=\"720\">Nuestros <strong data-start=\"567\" data-end=\"604\">kayaks antivuelco y autovaciables<\/strong> son seguros, f\u00e1ciles de manejar y no requieren experiencia previa. \u00a1Solo necesitas ganas de remar y de disfrutar!<\/p>\n<h3 data-start=\"727\" data-end=\"779\">\u2705 Informaci\u00f3n del alquiler de kayaks en el Sil<\/h3>\n<ul data-start=\"780\" data-end=\"1107\">\n<li data-start=\"780\" data-end=\"822\">\n<p data-start=\"782\" data-end=\"822\"><strong data-start=\"782\" data-end=\"793\">Precio:<\/strong> 15 \u20ac por kayak doble una hora de duraci\u00f3n.<\/p>\n<\/li>\n<li data-start=\"823\" data-end=\"865\">\n<p data-start=\"825\" data-end=\"865\"><strong data-start=\"825\" data-end=\"844\">Disponibilidad:<\/strong> 16 kayaks biplaza.<\/p>\n<\/li>\n<li data-start=\"866\" data-end=\"915\">\n<p data-start=\"868\" data-end=\"915\"><strong data-start=\"868\" data-end=\"882\">Temporada:<\/strong> hasta el <strong data-start=\"892\" data-end=\"912\">12 de septiembre<\/strong>.<\/p>\n<\/li>\n<li data-start=\"916\" data-end=\"991\">\n<p data-start=\"918\" data-end=\"991\"><strong data-start=\"918\" data-end=\"934\">Edad m\u00ednima:<\/strong> 6 a\u00f1os (los menores siempre acompa\u00f1ados de un adulto).<\/p>\n<\/li>\n<li data-start=\"992\" data-end=\"1107\">\n<p data-start=\"994\" data-end=\"1107\"><strong data-start=\"994\" data-end=\"1025\">Reserva previa :<\/strong> \ud83d\udcde <strong data-start=\"1029\" data-end=\"1044\">621 249 089<\/strong> (martes a domingo 10:00-13:30 y 15:30-18:30). Lunes cerrado.<\/p>\n<\/li>\n<\/ul>\n<h3 data-start=\"1114\" data-end=\"1165\">\ud83c\udf04 \u00bfQu\u00e9 te espera en la experiencia en kayak?<\/h3>\n<ul data-start=\"1166\" data-end=\"1481\">\n<li data-start=\"1166\" data-end=\"1265\">\n<p data-start=\"1168\" data-end=\"1265\">Navegar entre las <strong data-start=\"1186\" data-end=\"1226\">paredes verticales del Ca\u00f1\u00f3n del Sil<\/strong>, con desniveles de hasta 600 metros.<\/p>\n<\/li>\n<li data-start=\"1266\" data-end=\"1323\">\n<p data-start=\"1268\" data-end=\"1323\">Acceder a <strong data-start=\"1278\" data-end=\"1320\">rincones del r\u00edo inaccesibles en barco<\/strong>.<\/p>\n<\/li>\n<li data-start=\"1324\" data-end=\"1410\">\n<p data-start=\"1326\" data-end=\"1410\">Remar a tu ritmo en un <strong data-start=\"1349\" data-end=\"1381\">r\u00edo embalsado sin corrientes<\/strong>, ideal para principiantes.<\/p>\n<\/li>\n<li data-start=\"1324\" data-end=\"1410\">Recibir indicaciones b\u00e1sicas de remo para disfrutar con seguridad<\/li>\n<\/ul>\n<h3 data-start=\"1437\" data-end=\"1473\">\u2139\ufe0f Recomendaciones importantes<\/h3>\n<ul>\n<li data-start=\"1476\" data-end=\"1552\">Ven con el <strong data-start=\"1487\" data-end=\"1505\">ba\u00f1ador puesto<\/strong> (no hay vestuarios ni WC en el embarcadero).<\/li>\n<li data-start=\"1555\" data-end=\"1625\">Te daremos un <strong>chaleco salvavidas<\/strong>, y <strong data-start=\"1569\" data-end=\"1585\">bote estanco<\/strong> para guardar llaves, m\u00f3vil y cartera.<\/li>\n<\/ul>\n<h3 data-start=\"1632\" data-end=\"1678\">\ud83d\udcb3 <strong data-start=\"1639\" data-end=\"1676\">Pago del alquiler \u2013 SOLO EFECTIVO en el embarcadero si vais sin reserva<\/strong><\/h3>\n<p data-start=\"1835\" data-end=\"1990\">\ud83d\udccc <strong data-start=\"1838\" data-end=\"1856\">Para reservar:<\/strong>\u00a0 Reserva web o llama por tel\u00e9fono e indica n\u00famero de kayaks dobles, nombre y apellidos, DNI, correo electr\u00f3nico y n\u00famero de tarjeta y caducidad para realizar el cargo.<\/p>\n","protected":false},"excerpt":{"rendered":"<p>Alquiler de Kayaks en el Sil<\/p>\n","protected":false},"featured_media":1347,"comment_status":"open","ping_status":"closed","template":"","meta":[],"product_brand":[],"product_cat":[15],"product_tag":[66,67],"class_list":{"0":"post-1344","1":"product","2":"type-product","3":"status-publish","4":"has-post-thumbnail","6":"product_cat-sin-categorizar","7":"product_tag-alquiler","8":"product_tag-kayak","9":"tour_category-kayak","11":"first","12":"onbackorder","13":"taxable","14":"shipping-taxable","15":"purchasable","16":"product-type-tour"},"_links":{"self":[{"href":"https:\/\/siltrip.com\/index.php?rest_route=\/wp\/v2\/product\/1344","targetHints":{"allow":["GET"]}}],"collection":[{"href":"https:\/\/siltrip.com\/index.php?rest_route=\/wp\/v2\/product"}],"about":[{"href":"https:\/\/siltrip.com\/index.php?rest_route=\/wp\/v2\/types\/product"}],"replies":[{"embeddable":true,"href":"https:\/\/siltrip.com\/index.php?rest_route=%2Fwp%2Fv2%2Fcomments&post=1344"}],"wp:featuredmedia":[{"embeddable":true,"href":"https:\/\/siltrip.com\/index.php?rest_route=\/wp\/v2\/media\/1347"}],"wp:attachment":[{"href":"https:\/\/siltrip.com\/index.php?rest_route=%2Fwp%2Fv2%2Fmedia&parent=1344"}],"wp:term":[{"taxonomy":"product_brand","embeddable":true,"href":"https:\/\/siltrip.com\/index.php?rest_route=%2Fwp%2Fv2%2Fproduct_brand&post=1344"},{"taxonomy":"product_cat","embeddable":true,"href":"https:\/\/siltrip.com\/index.php?rest_route=%2Fwp%2Fv2%2Fproduct_cat&post=1344"},{"taxonomy":"product_tag","embeddable":true,"href":"https:\/\/siltrip.com\/index.php?rest_route=%2Fwp%2Fv2%2Fproduct_tag&post=1344"}],"curies":[{"name":"wp","href":"https:\/\/api.w.org\/{rel}","templated":true}]}}